{"id":14147,"date":"2025-03-26T13:34:09","date_gmt":"2025-03-26T17:34:09","guid":{"rendered":"http:\/\/258hub.ca\/catalog\/non%20class\u00e9\/cyber-safety-for-adults-asl-lsq\/"},"modified":"2025-06-19T10:41:38","modified_gmt":"2025-06-19T14:41:38","slug":"cyber-safety-for-adults-asl-lsq","status":"publish","type":"product","link":"https:\/\/258hub.ca\/fr-ca\/catalogue\/patrimoine-canadien\/cyber-safety-for-adults-asl-lsq\/","title":{"rendered":"Cyber Safety for Adults \/ Cybers\u00e9curit\u00e9 pour adultes"},"content":{"rendered":"<p>Apprenez \u00e0 vous prot\u00e9ger en ligne gr\u00e2ce \u00e0 des conseils utiles tels que la cr\u00e9ation de mots de passe s\u00e9curis\u00e9s et bien plus encore !<\/p>\n<p>Ce cours est disponible en ASL\/anglais et LSQ\/fran\u00e7ais. Pour commencer, s\u00e9lectionnez la langue dans laquelle vous souhaitez voir le cours ci-dessous.<\/p>\n","protected":false},"excerpt":{"rendered":"<p>Apprenez \u00e0 vous prot\u00e9ger en ligne gr\u00e2ce \u00e0 des conseils utiles tels que la cr\u00e9ation de mots de passe s\u00e9curis\u00e9s et bien plus encore !<\/p>\n","protected":false},"featured_media":14144,"template":"","meta":{"_acf_changed":false,"_eb_attr":"","_editorskit_title_hidden":false,"_editorskit_reading_time":0,"_editorskit_is_block_options_detached":false,"_editorskit_block_options_position":"{}","editor_plus_copied_stylings":"{}","_vp_format_video_url":"","_vp_image_focal_point":[]},"product_brand":[],"product_cat":[601],"product_tag":[],"class_list":{"0":"post-14147","1":"product","2":"type-product","3":"status-publish","4":"has-post-thumbnail","6":"product_cat-patrimoine-canadien","7":"pa_partner-patrimoine-canadien","9":"first","10":"instock","11":"virtual","12":"sold-individually","13":"purchasable","14":"product-type-simple"},"acf":[],"mb":[],"mfb_rest_fields":["title"],"_links":{"self":[{"href":"https:\/\/258hub.ca\/fr-ca\/wp-json\/wp\/v2\/product\/14147","targetHints":{"allow":["GET"]}}],"collection":[{"href":"https:\/\/258hub.ca\/fr-ca\/wp-json\/wp\/v2\/product"}],"about":[{"href":"https:\/\/258hub.ca\/fr-ca\/wp-json\/wp\/v2\/types\/product"}],"wp:featuredmedia":[{"embeddable":true,"href":"https:\/\/258hub.ca\/fr-ca\/wp-json\/wp\/v2\/media\/14144"}],"wp:attachment":[{"href":"https:\/\/258hub.ca\/fr-ca\/wp-json\/wp\/v2\/media?parent=14147"}],"wp:term":[{"taxonomy":"product_brand","embeddable":true,"href":"https:\/\/258hub.ca\/fr-ca\/wp-json\/wp\/v2\/product_brand?post=14147"},{"taxonomy":"product_cat","embeddable":true,"href":"https:\/\/258hub.ca\/fr-ca\/wp-json\/wp\/v2\/product_cat?post=14147"},{"taxonomy":"product_tag","embeddable":true,"href":"https:\/\/258hub.ca\/fr-ca\/wp-json\/wp\/v2\/product_tag?post=14147"}],"curies":[{"name":"wp","href":"https:\/\/api.w.org\/{rel}","templated":true}]}}