{"id":14050,"date":"2025-03-05T11:10:15","date_gmt":"2025-03-05T16:10:15","guid":{"rendered":"http:\/\/258hub.ca\/catalog\/non%20class\u00e9\/verification-des-faits\/"},"modified":"2025-06-19T10:48:24","modified_gmt":"2025-06-19T14:48:24","slug":"verification-des-faits","status":"publish","type":"product","link":"https:\/\/258hub.ca\/fr-ca\/catalogue\/patrimoine-canadien\/verification-des-faits\/","title":{"rendered":"Fact Checking \/ V\u00e9rification des faits"},"content":{"rendered":"<p>Apprenez \u00e0 rep\u00e9rer les informations fausses ou trompeuses dans les vid\u00e9os, les actualit\u00e9s et d&rsquo;autres sources. D\u00e9couvrez des moyens simples de v\u00e9rifier la v\u00e9racit\u00e9 d&rsquo;une information avant de la partager. Aidez \u00e0 arr\u00eater la propagation de la d\u00e9sinformation et assurez-vous que vous obtenez les faits !<\/p>\n<p>Ce cours est disponible en ASL\/anglais et LSQ\/fran\u00e7ais. Pour commencer, s\u00e9lectionnez la langue dans laquelle vous souhaitez voir le cours ci-dessous.<\/p>\n","protected":false},"excerpt":{"rendered":"<p>Apprenez \u00e0 rep\u00e9rer les informations fausses ou trompeuses dans les vid\u00e9os, les actualit\u00e9s et d&rsquo;autres sources. D\u00e9couvrez des moyens simples de v\u00e9rifier la v\u00e9racit\u00e9 d&rsquo;une information avant de la partager. Aidez \u00e0 arr\u00eater la propagation de la d\u00e9sinformation et assurez-vous que vous obtenez les faits !<\/p>\n","protected":false},"featured_media":13988,"template":"","meta":{"_acf_changed":false,"_eb_attr":"","_editorskit_title_hidden":false,"_editorskit_reading_time":0,"_editorskit_is_block_options_detached":false,"_editorskit_block_options_position":"{}","editor_plus_copied_stylings":"{}","_vp_format_video_url":"","_vp_image_focal_point":[]},"product_brand":[],"product_cat":[601],"product_tag":[],"class_list":{"0":"post-14050","1":"product","2":"type-product","3":"status-publish","4":"has-post-thumbnail","6":"product_cat-patrimoine-canadien","7":"pa_partner-patrimoine-canadien","9":"first","10":"instock","11":"virtual","12":"sold-individually","13":"purchasable","14":"product-type-simple"},"acf":[],"mb":[],"mfb_rest_fields":["title"],"_links":{"self":[{"href":"https:\/\/258hub.ca\/fr-ca\/wp-json\/wp\/v2\/product\/14050","targetHints":{"allow":["GET"]}}],"collection":[{"href":"https:\/\/258hub.ca\/fr-ca\/wp-json\/wp\/v2\/product"}],"about":[{"href":"https:\/\/258hub.ca\/fr-ca\/wp-json\/wp\/v2\/types\/product"}],"wp:featuredmedia":[{"embeddable":true,"href":"https:\/\/258hub.ca\/fr-ca\/wp-json\/wp\/v2\/media\/13988"}],"wp:attachment":[{"href":"https:\/\/258hub.ca\/fr-ca\/wp-json\/wp\/v2\/media?parent=14050"}],"wp:term":[{"taxonomy":"product_brand","embeddable":true,"href":"https:\/\/258hub.ca\/fr-ca\/wp-json\/wp\/v2\/product_brand?post=14050"},{"taxonomy":"product_cat","embeddable":true,"href":"https:\/\/258hub.ca\/fr-ca\/wp-json\/wp\/v2\/product_cat?post=14050"},{"taxonomy":"product_tag","embeddable":true,"href":"https:\/\/258hub.ca\/fr-ca\/wp-json\/wp\/v2\/product_tag?post=14050"}],"curies":[{"name":"wp","href":"https:\/\/api.w.org\/{rel}","templated":true}]}}