{"id":10770,"date":"2023-01-24T07:34:12","date_gmt":"2023-01-24T12:34:12","guid":{"rendered":"http:\/\/258hub.ca\/?post_type=product&#038;p=10770"},"modified":"2023-01-24T07:37:47","modified_gmt":"2023-01-24T12:37:47","slug":"les-4-domaines-attentes-et-contenus-dapprentissage-et-appuis-pedagogiques-en-lsq-langue-seconde","status":"publish","type":"product","link":"https:\/\/258hub.ca\/fr-ca\/catalogue\/asl-et-lsq-langue-seconde-developpement-professionnel\/les-4-domaines-attentes-et-contenus-dapprentissage-et-appuis-pedagogiques-en-lsq-langue-seconde\/","title":{"rendered":"Les 4 domaines : attentes et contenus d&rsquo;apprentissage et appuis p\u00e9dagogiques en LSQ langue seconde"},"content":{"rendered":"<p>Le cours intitul\u00e9 \u00ab Les 4 domaines : attentes et contenus d&rsquo;apprentissage et appuis p\u00e9dagogiques en LSQ langue seconde \u00bb appartient \u00e0 la s\u00e9rie de d\u00e9veloppement professionnel de la LSQ langue seconde. Il est enseign\u00e9 par Theara Yim, EAO, et Chantal Turcotte. Ce cours est destin\u00e9 aux enseignant\u00b7e\u00b7s de LSQ langue seconde (LSQBO) en Ontario.<\/p>\n<p>REMARQUE : ce cours est cependant ouvert \u00e0 tous\u00b7tes (enseignant\u00b7e\u00b7s d&rsquo;autre provinces, membres de la communaut\u00e9, etc.). Nous encourageons tous le monde \u00e0 venir en apprendre plus au sujet de l&rsquo;apprentissage de la LSQ langue seconde dans les \u00e9coles secondaires ontariennes. Cependant, pour les cours en direct, nous accorderons la priorit\u00e9 aux enseignant\u00b7e\u00b7s qui enseignent ou enseigneront la LSQ langue seconde.<\/p>\n<p>(Available only in French and LSQ)<\/p>\n<p><a href=\"https:\/\/258hub.ca\/fr-ca\/l2pd-2023-schedule\/\">Voir le calendrier des sessions en direct<\/a><\/p>\n","protected":false},"excerpt":{"rendered":"<p>Le cours intitul\u00e9 \u00ab Les 4 domaines : attentes et contenus d&rsquo;apprentissage et appuis p\u00e9dagogiques en LSQ langue seconde \u00bb appartient \u00e0 la s\u00e9rie de d\u00e9veloppement professionnel de la LSQ langue seconde. Il est enseign\u00e9 par Theara Yim, EAO, et Chantal Turcotte. Ce cours est destin\u00e9 aux enseignant\u00b7e\u00b7s de LSQ langue seconde (LSQBO) en Ontario.<\/p>\n","protected":false},"featured_media":10835,"template":"","meta":{"_acf_changed":false,"_eb_attr":"","_editorskit_title_hidden":false,"_editorskit_reading_time":0,"_editorskit_is_block_options_detached":false,"_editorskit_block_options_position":"{}","editor_plus_copied_stylings":"{}","_vp_format_video_url":"","_vp_image_focal_point":[]},"product_brand":[],"product_cat":[50],"product_tag":[],"class_list":{"0":"post-10770","1":"product","2":"type-product","3":"status-publish","4":"has-post-thumbnail","6":"product_cat-asl-et-lsq-langue-seconde-developpement-professionnel","8":"first","9":"instock","10":"virtual","11":"sold-individually","12":"purchasable","13":"product-type-simple"},"acf":[],"mb":[],"mfb_rest_fields":["title"],"_links":{"self":[{"href":"https:\/\/258hub.ca\/fr-ca\/wp-json\/wp\/v2\/product\/10770","targetHints":{"allow":["GET"]}}],"collection":[{"href":"https:\/\/258hub.ca\/fr-ca\/wp-json\/wp\/v2\/product"}],"about":[{"href":"https:\/\/258hub.ca\/fr-ca\/wp-json\/wp\/v2\/types\/product"}],"wp:featuredmedia":[{"embeddable":true,"href":"https:\/\/258hub.ca\/fr-ca\/wp-json\/wp\/v2\/media\/10835"}],"wp:attachment":[{"href":"https:\/\/258hub.ca\/fr-ca\/wp-json\/wp\/v2\/media?parent=10770"}],"wp:term":[{"taxonomy":"product_brand","embeddable":true,"href":"https:\/\/258hub.ca\/fr-ca\/wp-json\/wp\/v2\/product_brand?post=10770"},{"taxonomy":"product_cat","embeddable":true,"href":"https:\/\/258hub.ca\/fr-ca\/wp-json\/wp\/v2\/product_cat?post=10770"},{"taxonomy":"product_tag","embeddable":true,"href":"https:\/\/258hub.ca\/fr-ca\/wp-json\/wp\/v2\/product_tag?post=10770"}],"curies":[{"name":"wp","href":"https:\/\/api.w.org\/{rel}","templated":true}]}}