{"id":10642,"date":"2023-01-10T14:46:07","date_gmt":"2023-01-10T19:46:07","guid":{"rendered":"http:\/\/258hub.ca\/?post_type=product&#038;p=10642"},"modified":"2023-01-17T13:06:33","modified_gmt":"2023-01-17T18:06:33","slug":"lsq-langue-seconde-lsqbo-apercu-hiver-2023","status":"publish","type":"product","link":"https:\/\/258hub.ca\/fr-ca\/catalogue\/asl-et-lsq-langue-seconde-developpement-professionnel\/lsq-langue-seconde-lsqbo-apercu-hiver-2023\/","title":{"rendered":"LSQ langue seconde (LSQBO) : Aper\u00e7u &#8211; Hiver 2023"},"content":{"rendered":"<p>Le cours intitul\u00e9 \u00ab LSQ langue seconde (LSQBO) : Aper\u00e7u \u00bb appartient \u00e0 la s\u00e9rie de d\u00e9veloppement professionnel de la LSQ langue seconde. Ce cours portera sur les bases du cours secondaire de LSQ langue seconde de niveau 1 (LSQBO) actuellement offert dans les \u00e9coles de l&rsquo;Ontario et sur la fa\u00e7on de naviguer sur le site Web du programme d&rsquo;\u00e9tudies. Il est enseign\u00e9 par Darren Holst, EAO, et a \u00e9t\u00e9 traduit en fran\u00e7ais et en LSQ. Ce cours est destin\u00e9 aux enseignant\u00b7e\u00b7s de LSQ langue seconde (LSQBO) en Ontario.<\/p>\n<p>REMARQUE : ce cours est cependant ouvert \u00e0 tous\u00b7tes (enseignant\u00b7e\u00b7s d&rsquo;autre provinces, membres de la communaut\u00e9, etc.). Nous encourageons tous le monde \u00e0 venir en apprendre plus au sujet de l&rsquo;apprentissage de la LSQ langue seconde dans les \u00e9coles secondaires ontariennes. Cependant, pour les cours en direct, nous accorderons la priorit\u00e9 aux enseignant\u00b7e\u00b7s qui enseignent ou enseigneront la LSQ langue seconde.<\/p>\n<p>(Disponible uniquement en anglais et en ASL)<\/p>\n<p><a href=\"http:\/\/258hub.ca\/course\/lasbo-an-overview-winter-2023\/\">LASBO: An Overview &#8211; Winter 2023<\/a><\/p>\n<p><a href=\"https:\/\/258hub.ca\/fr-ca\/l2pd-2023-schedule\/\">Voir le calendrier des sessions en direct<\/a><\/p>\n","protected":false},"excerpt":{"rendered":"<p>Le cours intitul\u00e9 \u00ab LSQ langue seconde (LSQBO) : Aper\u00e7u \u00bb appartient \u00e0 la s\u00e9rie de d\u00e9veloppement professionnel de la LSQ langue seconde. Ce cours portera sur les bases du cours secondaire de LSQ langue seconde de niveau 1 (LSQBO) actuellement offert dans les \u00e9coles de l&rsquo;Ontario et sur la fa\u00e7on de naviguer sur le site Web du programme d&rsquo;\u00e9tudies. Il est enseign\u00e9 par Darren Holst, EAO, et a \u00e9t\u00e9 traduit en fran\u00e7ais et en LSQ. Ce cours est destin\u00e9 aux enseignant\u00b7e\u00b7s de LSQ langue seconde (LSQBO) en Ontario.<\/p>\n","protected":false},"featured_media":10733,"template":"","meta":{"_acf_changed":false,"_eb_attr":"","_editorskit_title_hidden":false,"_editorskit_reading_time":0,"_editorskit_is_block_options_detached":false,"_editorskit_block_options_position":"{}","editor_plus_copied_stylings":"{}","_vp_format_video_url":"","_vp_image_focal_point":[]},"product_brand":[],"product_cat":[50],"product_tag":[],"class_list":{"0":"post-10642","1":"product","2":"type-product","3":"status-publish","4":"has-post-thumbnail","6":"product_cat-asl-et-lsq-langue-seconde-developpement-professionnel","8":"first","9":"instock","10":"sold-individually","11":"shipping-taxable","12":"purchasable","13":"product-type-simple"},"acf":[],"mb":[],"mfb_rest_fields":["title"],"_links":{"self":[{"href":"https:\/\/258hub.ca\/fr-ca\/wp-json\/wp\/v2\/product\/10642","targetHints":{"allow":["GET"]}}],"collection":[{"href":"https:\/\/258hub.ca\/fr-ca\/wp-json\/wp\/v2\/product"}],"about":[{"href":"https:\/\/258hub.ca\/fr-ca\/wp-json\/wp\/v2\/types\/product"}],"wp:featuredmedia":[{"embeddable":true,"href":"https:\/\/258hub.ca\/fr-ca\/wp-json\/wp\/v2\/media\/10733"}],"wp:attachment":[{"href":"https:\/\/258hub.ca\/fr-ca\/wp-json\/wp\/v2\/media?parent=10642"}],"wp:term":[{"taxonomy":"product_brand","embeddable":true,"href":"https:\/\/258hub.ca\/fr-ca\/wp-json\/wp\/v2\/product_brand?post=10642"},{"taxonomy":"product_cat","embeddable":true,"href":"https:\/\/258hub.ca\/fr-ca\/wp-json\/wp\/v2\/product_cat?post=10642"},{"taxonomy":"product_tag","embeddable":true,"href":"https:\/\/258hub.ca\/fr-ca\/wp-json\/wp\/v2\/product_tag?post=10642"}],"curies":[{"name":"wp","href":"https:\/\/api.w.org\/{rel}","templated":true}]}}