{"id":10543,"date":"2022-12-30T20:20:39","date_gmt":"2022-12-31T01:20:39","guid":{"rendered":"http:\/\/258hub.ca\/course\/des-strategies-accrocheuses-pour-parfaire-de-l-apprentissage-des-eleves-hiver-2023\/"},"modified":"2023-01-17T13:34:36","modified_gmt":"2023-01-17T18:34:36","slug":"des-strategies-accrocheuses-pour-parfaire-de-l-apprentissage-des-eleves-hiver-2023","status":"publish","type":"product","link":"https:\/\/258hub.ca\/fr-ca\/catalogue\/asl-et-lsq-langue-seconde-developpement-professionnel\/des-strategies-accrocheuses-pour-parfaire-de-l-apprentissage-des-eleves-hiver-2023\/","title":{"rendered":"Des strat\u00e9gies accrocheuses pour parfaire de l\u2019apprentissage des \u00e9l\u00e8ves &#8211; Hiver 2023"},"content":{"rendered":"<p>Le cours intitul\u00e9 \u00ab Des strat\u00e9gies accroucheuses pour parfaire l&rsquo;apprentissage et la r\u00e9ussite des \u00e9l\u00e8ves \u00bb appartient \u00e0 la s\u00e9rie de d\u00e9veloppement professionnel de la LSQ langue seconde. Ce cours couvrira diverses strat\u00e9gies \u00e0 haut rendement con\u00e7ues pour am\u00e9liorer l&rsquo;apprentissage des \u00e9l\u00e8ves dans les \u00e9coles secondaires de l&rsquo;Ontario. Il est enseign\u00e9 par la Dre Jenelle Rouse, EAO, et a \u00e9t\u00e9 traduit en fran\u00e7ais et en LSQ. Ce cours est destin\u00e9 aux enseignant\u00b7e\u00b7s de LSQ langue seconde (LSQBO) en Ontario. <\/p>\n<p>REMARQUE : ce cours est cependant ouvert \u00e0 tous\u00b7tes (enseignant\u00b7e\u00b7s d&rsquo;autre provinces, membres de la communaut\u00e9, etc.). Nous encourageons tous le monde \u00e0 venir en apprendre plus au sujet de l&rsquo;apprentissage de la LSQ langue seconde dans les \u00e9coles secondaires ontariennes. Cependant, pour les cours en direct, nous accorderons la priorit\u00e9 aux enseignant\u00b7e\u00b7s qui enseignent ou enseigneront la LSQ langue seconde.<\/p>\n<p>(In English and ASL) <\/p>\n<p><a href=\"http:\/\/258hub.ca\/course\/catchy-strategies-to-improve-student-learning-winter-2023\/\">Catchy Strategies to Improve Student Learning \u2013 Winter 2023<\/a><\/p>\n<p><a href=\"https:\/\/258hub.ca\/fr-ca\/l2pd-2023-schedule\/\">Voir le calendrier des sessions en direct<\/a><\/p>\n","protected":false},"excerpt":{"rendered":"<p>Le cours intitul\u00e9 \u00ab Des strat\u00e9gies accroucheuses pour parfaire l&rsquo;apprentissage et la r\u00e9ussite des \u00e9l\u00e8ves \u00bb appartient \u00e0 la s\u00e9rie de d\u00e9veloppement professionnel de la LSQ langue seconde. Ce cours couvrira diverses strat\u00e9gies \u00e0 haut rendement con\u00e7ues pour am\u00e9liorer l&rsquo;apprentissage des \u00e9l\u00e8ves dans les \u00e9coles secondaires de l&rsquo;Ontario. Il est enseign\u00e9 par la Dre Jenelle Rouse, EAO, et a \u00e9t\u00e9 traduit en fran\u00e7ais et en LSQ. Ce cours est destin\u00e9 aux enseignant\u00b7e\u00b7s de LSQ langue seconde (LSQBO) en Ontario. <\/p>\n","protected":false},"featured_media":10747,"template":"","meta":{"_acf_changed":false,"_eb_attr":"","_editorskit_title_hidden":false,"_editorskit_reading_time":0,"_editorskit_is_block_options_detached":false,"_editorskit_block_options_position":"{}","editor_plus_copied_stylings":"{}","_vp_format_video_url":"","_vp_image_focal_point":[]},"product_brand":[],"product_cat":[50],"product_tag":[],"class_list":{"0":"post-10543","1":"product","2":"type-product","3":"status-publish","4":"has-post-thumbnail","6":"product_cat-asl-et-lsq-langue-seconde-developpement-professionnel","8":"first","9":"instock","10":"virtual","11":"sold-individually","12":"purchasable","13":"product-type-simple"},"acf":[],"mb":[],"mfb_rest_fields":["title"],"_links":{"self":[{"href":"https:\/\/258hub.ca\/fr-ca\/wp-json\/wp\/v2\/product\/10543","targetHints":{"allow":["GET"]}}],"collection":[{"href":"https:\/\/258hub.ca\/fr-ca\/wp-json\/wp\/v2\/product"}],"about":[{"href":"https:\/\/258hub.ca\/fr-ca\/wp-json\/wp\/v2\/types\/product"}],"wp:featuredmedia":[{"embeddable":true,"href":"https:\/\/258hub.ca\/fr-ca\/wp-json\/wp\/v2\/media\/10747"}],"wp:attachment":[{"href":"https:\/\/258hub.ca\/fr-ca\/wp-json\/wp\/v2\/media?parent=10543"}],"wp:term":[{"taxonomy":"product_brand","embeddable":true,"href":"https:\/\/258hub.ca\/fr-ca\/wp-json\/wp\/v2\/product_brand?post=10543"},{"taxonomy":"product_cat","embeddable":true,"href":"https:\/\/258hub.ca\/fr-ca\/wp-json\/wp\/v2\/product_cat?post=10543"},{"taxonomy":"product_tag","embeddable":true,"href":"https:\/\/258hub.ca\/fr-ca\/wp-json\/wp\/v2\/product_tag?post=10543"}],"curies":[{"name":"wp","href":"https:\/\/api.w.org\/{rel}","templated":true}]}}