{"id":13487,"date":"2024-06-18T12:27:16","date_gmt":"2024-06-18T16:27:16","guid":{"rendered":"http:\/\/258hub.ca\/serie-video\/pleins-feux-sur-les-carrieres\/"},"modified":"2025-06-17T02:00:42","modified_gmt":"2025-06-17T06:00:42","slug":"pleins-feux-sur-les-carrieres","status":"publish","type":"page","link":"https:\/\/258hub.ca\/fr-ca\/serie-video\/pleins-feux-sur-les-carrieres\/","title":{"rendered":"Pleins feux sur les carri\u00e8res"},"content":{"rendered":"\n<div class=\"wp-block-group has-white-color has-text-color has-background has-link-color eplus-wrapper wp-elements-990f85dbc2d91175005e109a7fbc5aee\" style=\"background:linear-gradient(180deg,#084298 0%,#1c3c8d 14.285714285714286%,#253581 28.571428571428573%,#2a3076 42.85714285714286%,#2d2a6c 57.142857142857146%,#2e2461 71.42857142857143%,#2d1f57 85.71428571428572%,#2c1a4d 100%);padding-top:var(--wp--preset--spacing--60);padding-right:0;padding-bottom:var(--wp--preset--spacing--60);padding-left:0\"><div class=\"wp-bootstrap-blocks-container container-xxl mb-0\">\n\t\n\n<div class=\"wp-block-group eplus-wrapper is-layout-flow wp-block-group-is-layout-flow\">\n<div class=\"wp-block-group eplus-wrapper is-content-justification-center is-nowrap is-layout-flex wp-container-core-group-is-layout-23441af8 wp-block-group-is-layout-flex\"><figure class=\"is-style-default wp-block-image size-thumbnail is-resized eplus-wrapper eplus-styles-uid-d938b1\"><img decoding=\"async\" src=\"https:\/\/258hub.ca\/wp-content\/uploads\/2023\/02\/DYH-Logo-150x150.png\" alt=\"\" style=\"width:120px\"><\/figure>\n\n\n<div class=\"wp-block-group eplus-wrapper is-layout-flow wp-container-core-group-is-layout-19eabfb7 wp-block-group-is-layout-flow\"><h1 class=\"has-link-color  wp-elements-6d64f351af374385c22eeddd9618a642 wp-block-post-title has-text-color has-white-color\">Pleins feux sur les carri\u00e8res<\/h1>\n\n\n<p class=\"lead text-decoration-none has-white-color has-text-color has-link-color eplus-wrapper wp-elements-8f6d907a89e482d9b91fee8812d4dc48\"><a href=\"https:\/\/deafyouthhub.ca\" target=\"_blank\" rel=\"noreferrer noopener\">Par Deaf Youth HUB<\/a><\/p>\n<\/div>\n<\/div>\n<\/div>\n\n<\/div>\n<\/div>\n\n<div class=\"rounded wp-block-group eplus-wrapper is-layout-flow wp-block-group-is-layout-flow\" style=\"padding-top:var(--wp--preset--spacing--60);padding-right:0;padding-bottom:var(--wp--preset--spacing--60);padding-left:0\"><div class=\"wp-bootstrap-blocks-container container-xxl mb-0\">\n\t\n<div class=\"wp-bootstrap-blocks-row row gx-5 gy-5\">\n\t\n\n<div class=\"col-12\">\n\t\t\t\n\n<div class=\"wp-block-group eplus-wrapper is-content-justification-center is-layout-flex wp-container-core-group-is-layout-cca5d157 wp-block-group-is-layout-flex\">\n<div class=\"wp-block-group eplus-wrapper is-nowrap is-layout-flex wp-container-core-group-is-layout-6c531013 wp-block-group-is-layout-flex\"><a href=\"\/community-ecourses\/?vp_filter=product_cat%3Adeaf-youth-hub\"    class=\"text-decoration-none rounded-3 overflow-hidden wp-block-tiptip-hyperlink-group-block\" >\n<div class=\"wp-block-group has-medium-font-size eplus-wrapper is-content-justification-left is-nowrap is-layout-flex wp-container-core-group-is-layout-174ca0a5 wp-block-group-is-layout-flex\">\n<div class=\"ep_icon__57172f9c-e0de-4ecd-b8ec-ae2fbe87a0a8 undefined\"><div class=\"ep_icon_wrapper\"><span class=\"eplusicon-play-circle-o\"><\/span><\/div><\/div><style>.eplus_styles .ep_icon__57172f9c-e0de-4ecd-b8ec-ae2fbe87a0a8 .ep_icon_wrapper {\n                \n                text-align: center;\n            }.eplus_styles .ep_icon__57172f9c-e0de-4ecd-b8ec-ae2fbe87a0a8 .ep_icon_wrapper span {\n                \n                color: #084298;\n            }<\/style>\n\n\n\n<p class=\"text-decoration-none has-text-align-center eplus-wrapper\">Suivre les cours du Deaf Youth HUB<\/p>\n<\/div>\n<\/a>\n\n<a href=\"https:\/\/deafyouthhub.ca\/career-spotlights\/\" rel=\"noreferrer noopener\"   class=\"text-decoration-none rounded-3 overflow-hidden wp-block-tiptip-hyperlink-group-block\" target=\"_blank\">\n<div class=\"wp-block-group has-medium-font-size eplus-wrapper is-content-justification-left is-nowrap is-layout-flex wp-container-core-group-is-layout-174ca0a5 wp-block-group-is-layout-flex\">\n<div class=\"ep_icon__38276532-4672-452d-a58d-714d018e7a9c undefined\"><div class=\"ep_icon_wrapper\"><span class=\"eplusicon-eye1\"><\/span><\/div><\/div><style>.eplus_styles .ep_icon__38276532-4672-452d-a58d-714d018e7a9c .ep_icon_wrapper {\n                \n                text-align: center;\n            }.eplus_styles .ep_icon__38276532-4672-452d-a58d-714d018e7a9c .ep_icon_wrapper span {\n                \n                color: #084298;\n            }<\/style>\n\n\n\n<p class=\"text-decoration-none has-text-align-center eplus-wrapper\">Voir les carri\u00e8res sur DYH<\/p>\n<\/div>\n<\/a><\/div>\n\n\n\n<div class=\"wp-block-buttons eplus-wrapper is-content-justification-center is-layout-flex wp-container-core-buttons-is-layout-a89b3969 wp-block-buttons-is-layout-flex\"><div class=\"is-style-fill wp-block-button eplus-wrapper eplus-styles-uid-4010be\"><a class=\"wp-block-button__link has-text-align-center wp-element-button\" href=\"https:\/\/258hub.ca\/fr-ca\/serie-video\/\">Retour \u00e0 la s\u00e9rie de vid\u00e9os<\/a><\/div><\/div>\n<\/div>\n\n\t<\/div>\n\n\n\n<div class=\"col-12 col-sm-6 col-md-4\">\n\t\t\t\n\n<div class=\"wp-block-group eplus-wrapper is-layout-flow wp-block-group-is-layout-flow\">\n<div class=\"is-style-editorskit-rounded wp-block-group has-border-color has-light-gray-border-color eplus-wrapper is-layout-flow wp-block-group-is-layout-flow\" style=\"border-width:1px\">\n<div style=\"padding:56.25% 0 0 0;position:relative;\"><iframe src=\"https:\/\/player.vimeo.com\/video\/861806295?badge=0&#038;autopause=0&#038;player_id=0&#038;app_id=58479\" frameborder=\"0\" allow=\"autoplay; fullscreen; picture-in-picture; clipboard-write\" style=\"position:absolute;top:0;left:0;width:100%;height:100%;\" title=\"Pleins feux sur les carri\u00e8res 01 - Paulina Alveraz - LSQ\"><\/iframe><\/div><script src=\"https:\/\/player.vimeo.com\/api\/player.js\"><\/script>\n<\/div>\n\n\n\n<div class=\"wp-block-group eplus-wrapper is-layout-flow wp-container-core-group-is-layout-a77db08e wp-block-group-is-layout-flow\">\n<h3 class=\" wp-block-heading has-text-align-center has-medium-font-size eplus-wrapper\">Paulina Alvarez<\/h3>\n\n\n\n<p class=\"has-text-align-center has-dark-gray-color has-text-color has-link-color has-small-font-size eplus-wrapper wp-elements-99f4e23b81ece8b332f1fc6c20d6988e\">Personnel de l&rsquo;h\u00f4tel<\/p>\n<\/div>\n<\/div>\n\n\t<\/div>\n\n\n\n<div class=\"col-12 col-sm-6 col-md-4\">\n\t\t\t\n\n<div class=\"wp-block-group eplus-wrapper is-layout-flow wp-block-group-is-layout-flow\">\n<div class=\"is-style-editorskit-rounded wp-block-group has-border-color has-light-gray-border-color eplus-wrapper is-layout-flow wp-block-group-is-layout-flow\" style=\"border-width:1px\">\n<div style=\"padding:56.25% 0 0 0;position:relative;\"><iframe src=\"https:\/\/player.vimeo.com\/video\/868896932?title=0&#038;byline=0&#038;portrait=0&#038;badge=0&#038;autopause=0&#038;player_id=0&#038;app_id=58479\" frameborder=\"0\" allow=\"autoplay; fullscreen; picture-in-picture; clipboard-write\" style=\"position:absolute;top:0;left:0;width:100%;height:100%;\" title=\"Pleins feux sur les carri\u00e8res 02 - Dimitri Jean-Paul Pro Curling - ASL\"><\/iframe><\/div><script src=\"https:\/\/player.vimeo.com\/api\/player.js\"><\/script>\n<\/div>\n\n\n\n<div class=\"wp-block-group eplus-wrapper is-layout-flow wp-container-core-group-is-layout-a77db08e wp-block-group-is-layout-flow\">\n<h3 class=\" wp-block-heading has-text-align-center has-medium-font-size eplus-wrapper\">Dimitri Jean Paul<\/h3>\n\n\n\n<p class=\"has-text-align-center has-dark-gray-color has-text-color has-link-color has-small-font-size eplus-wrapper wp-elements-e7dbf0e97d623b0e08db49654a4bd114\">Athl\u00e8te professionnel de curling<\/p>\n<\/div>\n<\/div>\n\n\t<\/div>\n\n\n\n<div class=\"col-12 col-sm-6 col-md-4\">\n\t\t\t\n\n<div class=\"wp-block-group eplus-wrapper is-layout-flow wp-block-group-is-layout-flow\">\n<div class=\"is-style-editorskit-rounded wp-block-group has-border-color has-light-gray-border-color eplus-wrapper is-layout-flow wp-block-group-is-layout-flow\" style=\"border-width:1px\">\n<div style=\"padding:56.25% 0 0 0;position:relative;\"><iframe src=\"https:\/\/player.vimeo.com\/video\/875666798?badge=0&#038;autopause=0&#038;player_id=0&#038;app_id=58479\" frameborder=\"0\" allow=\"autoplay; fullscreen; picture-in-picture; clipboard-write\" style=\"position:absolute;top:0;left:0;width:100%;height:100%;\" title=\"Pleins feux sur les carri\u00e8res 03 - Kristen Wood\"><\/iframe><\/div><script src=\"https:\/\/player.vimeo.com\/api\/player.js\"><\/script>\n<\/div>\n\n\n\n<div class=\"wp-block-group eplus-wrapper is-layout-flow wp-container-core-group-is-layout-a77db08e wp-block-group-is-layout-flow\">\n<h3 class=\" wp-block-heading has-text-align-center has-medium-font-size eplus-wrapper\">Kristen Wood<\/h3>\n\n\n\n<p class=\"has-text-align-center has-dark-gray-color has-text-color has-link-color has-small-font-size eplus-wrapper wp-elements-0b8037d4362454ea288169dbc6265f71\">Assistant(e) m\u00e9dical(e) v\u00e9t\u00e9rinaire<\/p>\n<\/div>\n<\/div>\n\n\t<\/div>\n\n\n\n<div class=\"col-12 col-sm-6 col-md-4\">\n\t\t\t\n\n<div class=\"wp-block-group eplus-wrapper is-layout-flow wp-block-group-is-layout-flow\">\n<div class=\"is-style-editorskit-rounded wp-block-group has-border-color has-light-gray-border-color eplus-wrapper is-layout-flow wp-block-group-is-layout-flow\" style=\"border-width:1px\">\n<div style=\"padding:56.25% 0 0 0;position:relative;\"><iframe src=\"https:\/\/player.vimeo.com\/video\/880383873?badge=0&#038;autopause=0&#038;player_id=0&#038;app_id=58479\" frameborder=\"0\" allow=\"autoplay; fullscreen; picture-in-picture; clipboard-write\" style=\"position:absolute;top:0;left:0;width:100%;height:100%;\" title=\"Pleins feux sur les carri\u00e8res 04 - Paula Whitney - Admin Assistant Clerk\"><\/iframe><\/div><script src=\"https:\/\/player.vimeo.com\/api\/player.js\"><\/script>\n<\/div>\n\n\n\n<div class=\"wp-block-group eplus-wrapper is-layout-flow wp-container-core-group-is-layout-a77db08e wp-block-group-is-layout-flow\">\n<h3 class=\" wp-block-heading has-text-align-center has-medium-font-size eplus-wrapper\">Paula Whitney<\/h3>\n\n\n\n<p class=\"has-text-align-center has-dark-gray-color has-text-color has-link-color has-small-font-size eplus-wrapper wp-elements-f4e30750e6fd6080ed91811a88508342\">Assistante administrative<\/p>\n<\/div>\n<\/div>\n\n\t<\/div>\n\n\n\n<div class=\"col-12 col-sm-6 col-md-4\">\n\t\t\t\n\n<div class=\"wp-block-group eplus-wrapper is-layout-flow wp-block-group-is-layout-flow\">\n<div class=\"is-style-editorskit-rounded wp-block-group has-border-color has-light-gray-border-color eplus-wrapper is-layout-flow wp-block-group-is-layout-flow\" style=\"border-width:1px\">\n<div style=\"padding:56.25% 0 0 0;position:relative;\"><iframe src=\"https:\/\/player.vimeo.com\/video\/890447272?h=0ef7abf176&#038;badge=0&#038;autopause=0&#038;player_id=0&#038;app_id=58479\" frameborder=\"0\" allow=\"autoplay; fullscreen; picture-in-picture; clipboard-write\" style=\"position:absolute;top:0;left:0;width:100%;height:100%;\" title=\"Pleins feux sur les carri\u00e8res 05 - Dr. Jenelle Rouse\"><\/iframe><\/div><script src=\"https:\/\/player.vimeo.com\/api\/player.js\"><\/script>\n<\/div>\n\n\n\n<div class=\"wp-block-group eplus-wrapper is-layout-flow wp-container-core-group-is-layout-a77db08e wp-block-group-is-layout-flow\">\n<h3 class=\" wp-block-heading has-text-align-center has-medium-font-size eplus-wrapper\">Dr. Jenelle Rouse<\/h3>\n\n\n\n<p class=\"has-text-align-center has-dark-gray-color has-text-color has-link-color has-small-font-size eplus-wrapper wp-elements-a68d7a5a403d6f2899d4dab4b712e15c\">Professeur, chercheur et artiste<\/p>\n<\/div>\n<\/div>\n\n\t<\/div>\n\n\n\n<div class=\"col-12 col-sm-6 col-md-4\">\n\t\t\t\n\n<div class=\"wp-block-group eplus-wrapper is-layout-flow wp-block-group-is-layout-flow\">\n<div class=\"is-style-editorskit-rounded wp-block-group has-border-color has-light-gray-border-color eplus-wrapper is-layout-flow wp-block-group-is-layout-flow\" style=\"border-width:1px\">\n<div style=\"padding:56.25% 0 0 0;position:relative;\"><iframe src=\"https:\/\/player.vimeo.com\/video\/892742615?badge=0&#038;autopause=0&#038;player_id=0&#038;app_id=58479\" frameborder=\"0\" allow=\"autoplay; fullscreen; picture-in-picture; clipboard-write\" style=\"position:absolute;top:0;left:0;width:100%;height:100%;\" title=\"Pleins feux sur les carri\u00e8res 06 - Scott Simser\"><\/iframe><\/div><script src=\"https:\/\/player.vimeo.com\/api\/player.js\"><\/script>\n<\/div>\n\n\n\n<div class=\"wp-block-group eplus-wrapper is-layout-flow wp-container-core-group-is-layout-a77db08e wp-block-group-is-layout-flow\">\n<h3 class=\" wp-block-heading has-text-align-center has-dark-gray-color has-text-color has-medium-font-size eplus-wrapper\">Scott Simser, K.C.<\/h3>\n\n\n\n<p class=\"has-text-align-center has-dark-gray-color has-text-color has-link-color has-small-font-size eplus-wrapper wp-elements-11d62fa61e6d52888f19c8d44a172f53\">Avocat<\/p>\n<\/div>\n<\/div>\n\n\t<\/div>\n\n\n\n<div class=\"col-12 col-sm-6 col-md-4\">\n\t\t\t\n\n<div class=\"wp-block-group eplus-wrapper is-layout-flow wp-block-group-is-layout-flow\">\n<div class=\"is-style-editorskit-rounded wp-block-group has-border-color has-light-gray-border-color eplus-wrapper is-layout-flow wp-block-group-is-layout-flow\" style=\"border-width:1px\">\n<div style=\"padding:56.25% 0 0 0;position:relative;\"><iframe src=\"https:\/\/player.vimeo.com\/video\/901939318?h=8241794c9c&#038;badge=0&#038;autopause=0&#038;player_id=0&#038;app_id=58479\" frameborder=\"0\" allow=\"autoplay; fullscreen; picture-in-picture; clipboard-write\" style=\"position:absolute;top:0;left:0;width:100%;height:100%;\" title=\"Pleins feux sur les carri\u00e8res 07 - Alice Lo - Artiste\"><\/iframe><\/div><script src=\"https:\/\/player.vimeo.com\/api\/player.js\"><\/script>\n<\/div>\n\n\n\n<div class=\"wp-block-group eplus-wrapper is-layout-flow wp-container-core-group-is-layout-a77db08e wp-block-group-is-layout-flow\">\n<h3 class=\" wp-block-heading has-text-align-center has-medium-font-size eplus-wrapper\">Alice Lo<\/h3>\n\n\n\n<p class=\"has-text-align-center has-dark-gray-color has-text-color has-link-color has-small-font-size eplus-wrapper wp-elements-d59a03ff7e9cf469a3797313ef6bdcef\">Artiste<\/p>\n<\/div>\n<\/div>\n\n\t<\/div>\n\n\n\n<div class=\"col-12 col-sm-6 col-md-4\">\n\t\t\t\n\n<div class=\"wp-block-group eplus-wrapper is-layout-flow wp-block-group-is-layout-flow\">\n<div class=\"is-style-editorskit-rounded wp-block-group has-border-color has-light-gray-border-color eplus-wrapper is-layout-flow wp-block-group-is-layout-flow\" style=\"border-width:1px\">\n<div style=\"padding:56.25% 0 0 0;position:relative;\"><iframe src=\"https:\/\/player.vimeo.com\/video\/906579529?h=78870e3d75&#038;badge=0&#038;autopause=0&#038;player_id=0&#038;app_id=58479\" frameborder=\"0\" allow=\"autoplay; fullscreen; picture-in-picture; clipboard-write\" style=\"position:absolute;top:0;left:0;width:100%;height:100%;\" title=\"Pleins feux sur les carri\u00e8res 08 - Tristan Kong - Immobilier\"><\/iframe><\/div><script src=\"https:\/\/player.vimeo.com\/api\/player.js\"><\/script>\n<\/div>\n\n\n\n<div class=\"wp-block-group eplus-wrapper is-layout-flow wp-container-core-group-is-layout-a77db08e wp-block-group-is-layout-flow\">\n<h3 class=\" wp-block-heading has-text-align-center has-medium-font-size eplus-wrapper\">Tristan Kong<\/h3>\n\n\n\n<p class=\"has-text-align-center has-dark-gray-color has-text-color has-link-color has-small-font-size eplus-wrapper wp-elements-b35aa8fb8a1aa6141e690ce64a1be575\">Immobilier<\/p>\n<\/div>\n<\/div>\n\n\t<\/div>\n\n\n\n<div class=\"col-12 col-sm-6 col-md-4\">\n\t\t\t\n\n<div class=\"wp-block-group eplus-wrapper is-layout-flow wp-block-group-is-layout-flow\">\n<div class=\"is-style-editorskit-rounded wp-block-group has-border-color has-light-gray-border-color eplus-wrapper is-layout-flow wp-block-group-is-layout-flow\" style=\"border-width:1px\">\n<div style=\"padding:56.25% 0 0 0;position:relative;\"><iframe src=\"https:\/\/player.vimeo.com\/video\/906579748?h=c21f663db2&#038;badge=0&#038;autopause=0&#038;player_id=0&#038;app_id=58479\" frameborder=\"0\" allow=\"autoplay; fullscreen; picture-in-picture; clipboard-write\" style=\"position:absolute;top:0;left:0;width:100%;height:100%;\" title=\"Pleins feux sur les carri\u00e8res 09 - David Tillet - Rev\u00eatements de sol\"><\/iframe><\/div><script src=\"https:\/\/player.vimeo.com\/api\/player.js\"><\/script>\n<\/div>\n\n\n\n<div class=\"wp-block-group eplus-wrapper is-layout-flow wp-container-core-group-is-layout-a77db08e wp-block-group-is-layout-flow\">\n<h3 class=\" wp-block-heading has-text-align-center has-medium-font-size eplus-wrapper\">David Tillett<\/h3>\n\n\n\n<p class=\"has-text-align-center has-dark-gray-color has-text-color has-link-color has-small-font-size eplus-wrapper wp-elements-9fc8d5eccad390f3cab5a1dcbc8e65de\">Rev\u00eatements de sol<\/p>\n<\/div>\n<\/div>\n\n\t<\/div>\n\n<\/div>\n\n<\/div>\n<\/div>\n","protected":false},"excerpt":{"rendered":"<div class=\"wp-block-group has-white-color has-text-color has-background has-link-color eplus-wrapper wp-elements-990f85dbc2d91175005e109a7fbc5aee\" style=\"background:linear-gradient(180deg,#084298 0%,#1c3c8d 14.285714285714286%,#253581 28.571428571428573%,#2a3076 42.85714285714286%,#2d2a6c 57.142857142857146%,#2e2461 71.42857142857143%,#2d1f57 85.71428571428572%,#2c1a4d 100%);padding-top:var(--wp--preset--spacing--60);padding-right:0;padding-bottom:var(--wp--preset--spacing--60);padding-left:0\">\n<div class=\"wp-bootstrap-blocks-container container-xxl mb-0\">\n<div class=\"wp-block-group eplus-wrapper is-layout-flow wp-block-group-is-layout-flow\">\n<div class=\"wp-block-group eplus-wrapper is-content-justification-center is-nowrap is-layout-flex wp-container-core-group-is-layout-23441af8 wp-block-group-is-layout-flex\">\n<figure class=\"is-style-default wp-block-image size-thumbnail is-resized eplus-wrapper eplus-styles-uid-d938b1\"><img decoding=\"async\" src=\"https:\/\/258hub.ca\/wp-content\/uploads\/2023\/02\/DYH-Logo-150x150.png\" alt=\"\" style=\"width:120px\"><\/figure>\n<div class=\"wp-block-group eplus-wrapper is-layout-flow wp-container-core-group-is-layout-19eabfb7 wp-block-group-is-layout-flow\">\n<h1 class=\"has-link-color  wp-elements-6d64f351af374385c22eeddd9618a642 wp-block-post-title has-text-color has-white-color\">Pleins feux sur les carri\u00e8res<\/h1>\n<p class=\"lead text-decoration-none has-white-color has-text-color has-link-color eplus-wrapper wp-elements-8f6d907a89e482d9b91fee8812d4dc48\"><a href=\"https:\/\/deafyouthhub.ca\" target=\"_blank\" rel=\"noreferrer noopener\">Par Deaf Youth HUB<\/a><\/p>\n","protected":false},"author":1,"featured_media":0,"parent":13481,"menu_order":0,"comment_status":"closed","ping_status":"closed","template":"empty","meta":{"_acf_changed":false,"_eb_attr":"","_editorskit_title_hidden":false,"_editorskit_reading_time":0,"_editorskit_is_block_options_detached":false,"_editorskit_block_options_position":"{}","editor_plus_copied_stylings":"{}","_vp_format_video_url":"","_vp_image_focal_point":[],"footnotes":""},"class_list":["post-13487","page","type-page","status-publish","hentry"],"acf":[],"mb":[],"mfb_rest_fields":["title"],"_links":{"self":[{"href":"https:\/\/258hub.ca\/fr-ca\/wp-json\/wp\/v2\/pages\/13487","targetHints":{"allow":["GET"]}}],"collection":[{"href":"https:\/\/258hub.ca\/fr-ca\/wp-json\/wp\/v2\/pages"}],"about":[{"href":"https:\/\/258hub.ca\/fr-ca\/wp-json\/wp\/v2\/types\/page"}],"author":[{"embeddable":true,"href":"https:\/\/258hub.ca\/fr-ca\/wp-json\/wp\/v2\/users\/1"}],"replies":[{"embeddable":true,"href":"https:\/\/258hub.ca\/fr-ca\/wp-json\/wp\/v2\/comments?post=13487"}],"version-history":[{"count":11,"href":"https:\/\/258hub.ca\/fr-ca\/wp-json\/wp\/v2\/pages\/13487\/revisions"}],"predecessor-version":[{"id":15050,"href":"https:\/\/258hub.ca\/fr-ca\/wp-json\/wp\/v2\/pages\/13487\/revisions\/15050"}],"up":[{"embeddable":true,"href":"https:\/\/258hub.ca\/fr-ca\/wp-json\/wp\/v2\/pages\/13481"}],"wp:attachment":[{"href":"https:\/\/258hub.ca\/fr-ca\/wp-json\/wp\/v2\/media?parent=13487"}],"curies":[{"name":"wp","href":"https:\/\/api.w.org\/{rel}","templated":true}]}}