{"id":12084,"date":"2023-01-06T03:18:16","date_gmt":"2023-01-06T08:18:16","guid":{"rendered":"http:\/\/258hub.ca\/bibliotheque\/"},"modified":"2025-06-17T03:55:13","modified_gmt":"2025-06-17T07:55:13","slug":"bibliotheque","status":"publish","type":"page","link":"https:\/\/258hub.ca\/fr-ca\/bibliotheque\/","title":{"rendered":"Ma biblioth\u00e8que"},"content":{"rendered":"\n<div class=\"wp-block-group has-white-color has-text-color has-background has-link-color eplus-wrapper wp-elements-e1bc8191b42afd54c6396fb053f75bec\" style=\"background:linear-gradient(180deg,#084298 0%,#1c3c8d 14.285714285714286%,#253581 28.571428571428573%,#2a3076 42.85714285714286%,#2d2a6c 57.142857142857146%,#2e2461 71.42857142857143%,#2d1f57 85.71428571428572%,#2c1a4d 100%);padding-top:var(--wp--preset--spacing--60);padding-right:0;padding-bottom:var(--wp--preset--spacing--60);padding-left:0\"><div class=\"wp-bootstrap-blocks-container container-xl mb-0\">\n\t\n\n<div class=\"wp-block-group eplus-wrapper is-layout-flow wp-block-group-is-layout-flow\"><h1 class=\"has-text-align-center has-link-color  wp-elements-1e4614639ee7ec7a3b17083f92b2f45d wp-block-post-title has-text-color has-white-color\">Ma biblioth\u00e8que<\/h1><\/div>\n\n<\/div>\n<\/div>\n<div class=\"wp-bootstrap-blocks-container container-xl mb-2\">\n\t\n\n<div class=\"wp-block-group eplus-wrapper is-layout-constrained wp-block-group-is-layout-constrained\">\n<div class=\"overflow-hidden wp-block-group has-white-background-color has-background eplus-wrapper is-layout-flow wp-container-core-group-is-layout-b20aeb27 wp-block-group-is-layout-flow\" style=\"border-radius:0.5rem;padding-top:0;padding-right:0;padding-bottom:0;padding-left:0\">\n<p class=\" has-text-align-center eplus-wrapper\">Passez en revue vos cours ici ou parcourez d&rsquo;autres cours avant de passer votre commande.<\/p>\n\n\n\n<p class=\" has-text-align-center eplus-wrapper\">Les cours auxquels vous \u00eates inscrits figurent sur la page de votre compte.<\/p>\n\n\n\n<div class=\"wp-block-group eplus-wrapper is-layout-constrained wp-container-core-group-is-layout-f611be13 wp-block-group-is-layout-constrained\" style=\"padding-top:var(--wp--preset--spacing--50);padding-right:var(--wp--preset--spacing--50);padding-bottom:var(--wp--preset--spacing--50);padding-left:var(--wp--preset--spacing--50)\"><div class=\"wp-bootstrap-blocks-row row align-items-stretch gx-5 gy-4 align-items-start\">\n\t\n\n<div class=\"col-12 col-md-8\">\n\t\t\t\n\n<div data-block-name=\"woocommerce\/cart\" class=\"wp-block-woocommerce-cart alignwide is-loading\">\n<div data-block-name=\"woocommerce\/filled-cart-block\" class=\"wp-block-woocommerce-filled-cart-block alignwide\">\n<div data-block-name=\"woocommerce\/cart-items-block\" class=\"wp-block-woocommerce-cart-items-block\">\n<div data-block-name=\"woocommerce\/cart-line-items-block\" class=\"wp-block-woocommerce-cart-line-items-block\"><\/div>\n\n\n\n<div data-block-name=\"woocommerce\/cart-cross-sells-block\" class=\"wp-block-woocommerce-cart-cross-sells-block\">\n<h2 class=\" wp-block-heading has-large-font-size eplus-wrapper\">Vous pourriez \u00eatre int\u00e9ress\u00e9 par&#8230;<\/h2>\n\n\n\n<div data-block-name=\"woocommerce\/cart-cross-sells-products-block\" class=\"wp-block-woocommerce-cart-cross-sells-products-block\"><\/div>\n<\/div>\n<\/div>\n\n\n\n<div data-block-name=\"woocommerce\/cart-totals-block\" class=\"wp-block-woocommerce-cart-totals-block\">\n<div data-block-name=\"woocommerce\/cart-order-summary-block\" class=\"wp-block-woocommerce-cart-order-summary-block\">\n<div data-block-name=\"woocommerce\/cart-order-summary-heading-block\" class=\"wp-block-woocommerce-cart-order-summary-heading-block\"><\/div>\n\n\n\n<div data-block-name=\"woocommerce\/cart-order-summary-coupon-form-block\" class=\"wp-block-woocommerce-cart-order-summary-coupon-form-block\"><\/div>\n\n\n\n<div data-block-name=\"woocommerce\/cart-order-summary-totals-block\" class=\"wp-block-woocommerce-cart-order-summary-totals-block\">\n<div data-block-name=\"woocommerce\/cart-order-summary-subtotal-block\" class=\"wp-block-woocommerce-cart-order-summary-subtotal-block\"><\/div>\n\n\n\n<div data-block-name=\"woocommerce\/cart-order-summary-fee-block\" class=\"wp-block-woocommerce-cart-order-summary-fee-block\"><\/div>\n\n\n\n<div data-block-name=\"woocommerce\/cart-order-summary-discount-block\" class=\"wp-block-woocommerce-cart-order-summary-discount-block\"><\/div>\n\n\n\n<div data-block-name=\"woocommerce\/cart-order-summary-shipping-block\" class=\"wp-block-woocommerce-cart-order-summary-shipping-block\"><\/div>\n\n\n\n<div data-block-name=\"woocommerce\/cart-order-summary-taxes-block\" class=\"wp-block-woocommerce-cart-order-summary-taxes-block\"><\/div>\n<\/div>\n<\/div>\n\n\n\n<div data-block-name=\"woocommerce\/cart-express-payment-block\" class=\"wp-block-woocommerce-cart-express-payment-block\"><\/div>\n\n\n\n<div data-block-name=\"woocommerce\/proceed-to-checkout-block\" class=\"wp-block-woocommerce-proceed-to-checkout-block mt-4\"><\/div>\n\n\n\n<div data-block-name=\"woocommerce\/cart-accepted-payment-methods-block\" class=\"wp-block-woocommerce-cart-accepted-payment-methods-block\"><\/div>\n<\/div>\n<\/div>\n\n\n\n<div data-block-name=\"woocommerce\/empty-cart-block\" class=\"wp-block-woocommerce-empty-cart-block alignwide\">\n<div data-block-name=\"woocommerce\/filled-cart-block\" class=\"wp-block-woocommerce-filled-cart-block\">\n<div data-block-name=\"woocommerce\/cart-items-block\" class=\"wp-block-woocommerce-cart-items-block\">\n<div data-block-name=\"woocommerce\/cart-line-items-block\" class=\"wp-block-woocommerce-cart-line-items-block link-dark text-dark\"><\/div>\n<\/div>\n\n\n\n<div data-block-name=\"woocommerce\/cart-totals-block\" class=\"wp-block-woocommerce-cart-totals-block\">\n<div data-block-name=\"woocommerce\/cart-order-summary-block\" class=\"wp-block-woocommerce-cart-order-summary-block\">\n<div data-block-name=\"woocommerce\/cart-order-summary-heading-block\" class=\"wp-block-woocommerce-cart-order-summary-heading-block\"><\/div>\n\n\n\n<div data-block-name=\"woocommerce\/cart-order-summary-coupon-form-block\" class=\"wp-block-woocommerce-cart-order-summary-coupon-form-block\"><\/div>\n\n\n\n<div data-block-name=\"woocommerce\/cart-order-summary-totals-block\" class=\"wp-block-woocommerce-cart-order-summary-totals-block\">\n<div data-block-name=\"woocommerce\/cart-order-summary-subtotal-block\" class=\"wp-block-woocommerce-cart-order-summary-subtotal-block\"><\/div>\n\n\n\n<div data-block-name=\"woocommerce\/cart-order-summary-fee-block\" class=\"wp-block-woocommerce-cart-order-summary-fee-block\"><\/div>\n\n\n\n<div data-block-name=\"woocommerce\/cart-order-summary-discount-block\" class=\"wp-block-woocommerce-cart-order-summary-discount-block\"><\/div>\n\n\n\n<div data-block-name=\"woocommerce\/cart-order-summary-shipping-block\" class=\"wp-block-woocommerce-cart-order-summary-shipping-block\"><\/div>\n\n\n\n<div data-block-name=\"woocommerce\/cart-order-summary-taxes-block\" class=\"wp-block-woocommerce-cart-order-summary-taxes-block\"><\/div>\n<\/div>\n<\/div>\n\n\n\n<div data-block-name=\"woocommerce\/cart-express-payment-block\" class=\"wp-block-woocommerce-cart-express-payment-block\"><\/div>\n\n\n\n<div data-block-name=\"woocommerce\/cart-accepted-payment-methods-block\" class=\"wp-block-woocommerce-cart-accepted-payment-methods-block\"><\/div>\n\n\n\n<div data-block-name=\"woocommerce\/proceed-to-checkout-block\" class=\"wp-block-woocommerce-proceed-to-checkout-block d-none\"><\/div>\n<\/div>\n<\/div>\n\n\n\n<div data-block-name=\"woocommerce\/empty-cart-block\" class=\"wp-block-woocommerce-empty-cart-block\">\n<div class=\"alert alert-info wp-block-group eplus-wrapper is-layout-flow wp-block-group-is-layout-flow\">\n<p class=\"alert-title has-text-align-center has-dark-blue-color has-text-color eplus-wrapper\">Votre biblioth\u00e8que est actuellement vide !<\/p>\n<\/div>\n\n\n\n<div class=\"d-none wp-block-group eplus-wrapper is-content-justification-space-between is-layout-flex wp-container-core-group-is-layout-9366075c wp-block-group-is-layout-flex\">\n<div class=\"wp-block-group eplus-wrapper is-layout-flow wp-container-core-group-is-layout-19eabfb7 wp-block-group-is-layout-flow\">\n<p class=\" has-text-align-center has-dark-blue-color has-text-color eplus-wrapper\">Autres cours disponibles<\/p>\n\n\n\n<hr class=\"is-style-wide wp-block-separator has-text-color has-dark-blue-color has-alpha-channel-opacity has-dark-blue-background-color has-background eplus-wrapper\"\/>\n\n\n\n<p class=\" eplus-wrapper\"><\/p>\n<\/div>\n\n\n<div data-block-name=\"woocommerce\/product-new\" data-content-visibility=\"{&quot;image&quot;:true,&quot;title&quot;:true,&quot;price&quot;:false,&quot;rating&quot;:false,&quot;button&quot;:false}\" data-rows=\"1\" data-stock-status=\"[&quot;&quot;,&quot;instock&quot;]\" class=\"wc-block-grid wp-block-product-new wp-block-woocommerce-product-new wc-block-product-new has-3-columns link-dark\"><ul class=\"wc-block-grid__products\"><li class=\"wc-block-grid__product\"> \n     \n     <div class=\"wc-block-grid__product-image\"><img loading=\"lazy\" decoding=\"async\" width=\"300\" height=\"300\" src=\"https:\/\/258hub.ca\/wp-content\/uploads\/2025\/12\/what-is-eft-thumb-300x300.jpg\" class=\"attachment-woocommerce_thumbnail size-woocommerce_thumbnail\" alt=\"How to Use EFT - Electronic Funds Transfer\" srcset=\"https:\/\/258hub.ca\/wp-content\/uploads\/2025\/12\/what-is-eft-thumb-300x300.jpg 300w, https:\/\/258hub.ca\/wp-content\/uploads\/2025\/12\/what-is-eft-thumb-100x100.jpg 100w\" sizes=\"auto, (max-width: 300px) 100vw, 300px\" \/><\/div>\n               \n        <a class=\"text-decoration-none m-0\" href=\"https:\/\/258hub.ca\/fr-ca\/catalog\/silent-voice-canada\/how-to-use-eft-electronic-funds-transfer\/\"><div class=\"wc-block-grid__product-title\">How to Use EFT &#8211; Electronic Funds Transfer<\/div><\/a>\n        \n        \n        \n        \n        \n        \n    <\/li><li class=\"wc-block-grid__product\"> \n     \n     <div class=\"wc-block-grid__product-image\"><img loading=\"lazy\" decoding=\"async\" width=\"300\" height=\"230\" src=\"https:\/\/258hub.ca\/wp-content\/uploads\/2025\/09\/course_img_6850-300x230.jpg\" class=\"attachment-woocommerce_thumbnail size-woocommerce_thumbnail\" alt=\"DEIB Toolkit\" \/><\/div>\n               \n        <a class=\"text-decoration-none m-0\" href=\"https:\/\/258hub.ca\/fr-ca\/catalog\/diversity-equity-inclusion-and-belonging-toolkit\/deib-toolkit\/\"><div class=\"wc-block-grid__product-title\">DEIB Toolkit<\/div><\/a>\n        \n        \n        \n        \n        \n        \n    <\/li><li class=\"wc-block-grid__product\"> \n     \n     <div class=\"wc-block-grid__product-image\"><img loading=\"lazy\" decoding=\"async\" width=\"300\" height=\"300\" src=\"https:\/\/258hub.ca\/wp-content\/uploads\/2025\/03\/internet-addiction-fet-img-300x300.jpg\" class=\"attachment-woocommerce_thumbnail size-woocommerce_thumbnail\" alt=\"Internet Addiction \/ Conseils sur la d\u00e9pendance \u00e0 Internet\" srcset=\"https:\/\/258hub.ca\/wp-content\/uploads\/2025\/03\/internet-addiction-fet-img-300x300.jpg 300w, https:\/\/258hub.ca\/wp-content\/uploads\/2025\/03\/internet-addiction-fet-img-100x100.jpg 100w\" sizes=\"auto, (max-width: 300px) 100vw, 300px\" \/><\/div>\n               \n        <a class=\"text-decoration-none m-0\" href=\"https:\/\/258hub.ca\/fr-ca\/catalogue\/patrimoine-canadien\/internet-addiction-asl-lsq\/\"><div class=\"wc-block-grid__product-title\">Internet Addiction \/ Conseils sur la d\u00e9pendance \u00e0 Internet<\/div><\/a>\n        \n        \n        \n        \n        \n        \n    <\/li><\/ul><\/div><\/div>\n<\/div>\n<\/div>\n<\/div>\n\n\t<\/div>\n\n\n\n<div class=\"col-12 col-md-4\">\n\t\t\t\n\n<div class=\"rounded-3 eplus-wrapper wp-block-group has-custom-off-white-background-color has-background is-layout-flow wp-container-core-group-is-layout-ab3593f7 wp-block-group-is-layout-flow\" style=\"padding-top:var(--wp--preset--spacing--30);padding-right:var(--wp--preset--spacing--30);padding-bottom:var(--wp--preset--spacing--30);padding-left:var(--wp--preset--spacing--30)\">\n\n\n<div class=\"eplus-wrapper wp-block-buttons is-vertical is-content-justification-stretch is-layout-flex wp-container-core-buttons-is-layout-de624584 wp-block-buttons-is-layout-flex\"><div class=\"btn btn-success eplus-wrapper wp-block-button has-custom-width wp-block-button__width-100 eplus-styles-uid-f6acf6\"><a class=\"wp-block-button__link has-text-align-right wp-element-button\" href=\"http:\/\/258hub.ca\/my-account\/register\">Cr\u00e9er un compte<\/a><\/div>\n\n<div class=\"btn btn-primary eplus-wrapper wp-block-button has-custom-width wp-block-button__width-100 eplus-styles-uid-89ad4b\"><a class=\"wp-block-button__link has-text-align-right wp-element-button\" href=\"http:\/\/258hub.ca\/wp-login.php?action=login\">Se connecter<\/a><\/div><\/div>\n<\/div>\n\n\t<\/div>\n\n<\/div>\n<\/div>\n<\/div>\n<\/div>\n\n<\/div>\n","protected":false},"excerpt":{"rendered":"<div class=\"wp-block-group has-white-color has-text-color has-background has-link-color eplus-wrapper wp-elements-e1bc8191b42afd54c6396fb053f75bec\" style=\"background:linear-gradient(180deg,#084298 0%,#1c3c8d 14.285714285714286%,#253581 28.571428571428573%,#2a3076 42.85714285714286%,#2d2a6c 57.142857142857146%,#2e2461 71.42857142857143%,#2d1f57 85.71428571428572%,#2c1a4d 100%);padding-top:var(--wp--preset--spacing--60);padding-right:0;padding-bottom:var(--wp--preset--spacing--60);padding-left:0\">\n<div class=\"wp-bootstrap-blocks-container container-xl mb-0\">\n<div class=\"wp-block-group eplus-wrapper is-layout-flow wp-block-group-is-layout-flow\">\n<h1 class=\"has-text-align-center has-link-color  wp-elements-1e4614639ee7ec7a3b17083f92b2f45d wp-block-post-title has-text-color has-white-color\">Ma biblioth\u00e8que<\/h1>\n<\/div>\n<\/div>\n<\/div>\n<div class=\"wp-bootstrap-blocks-container container-xl mb-2\">\n<div class=\"wp-block-group eplus-wrapper is-layout-constrained wp-block-group-is-layout-constrained\">\n<div class=\"overflow-hidden wp-block-group has-white-background-color has-background eplus-wrapper is-layout-flow wp-container-core-group-is-layout-b20aeb27 wp-block-group-is-layout-flow\" style=\"border-radius:0.5rem;padding-top:0;padding-right:0;padding-bottom:0;padding-left:0\">\n<p class=\" has-text-align-center eplus-wrapper\">Passez en revue vos cours ici ou parcourez d&rsquo;autres cours avant de passer votre commande.<\/p>\n","protected":false},"author":1,"featured_media":0,"parent":0,"menu_order":0,"comment_status":"open","ping_status":"open","template":"empty","meta":{"_acf_changed":false,"_eb_attr":"","_editorskit_title_hidden":false,"_editorskit_reading_time":0,"_editorskit_is_block_options_detached":false,"_editorskit_block_options_position":"{}","editor_plus_copied_stylings":"{}","_vp_format_video_url":"","_vp_image_focal_point":[],"footnotes":""},"class_list":["post-12084","page","type-page","status-publish","hentry"],"acf":[],"mb":[],"mfb_rest_fields":["title"],"_links":{"self":[{"href":"https:\/\/258hub.ca\/fr-ca\/wp-json\/wp\/v2\/pages\/12084","targetHints":{"allow":["GET"]}}],"collection":[{"href":"https:\/\/258hub.ca\/fr-ca\/wp-json\/wp\/v2\/pages"}],"about":[{"href":"https:\/\/258hub.ca\/fr-ca\/wp-json\/wp\/v2\/types\/page"}],"author":[{"embeddable":true,"href":"https:\/\/258hub.ca\/fr-ca\/wp-json\/wp\/v2\/users\/1"}],"replies":[{"embeddable":true,"href":"https:\/\/258hub.ca\/fr-ca\/wp-json\/wp\/v2\/comments?post=12084"}],"version-history":[{"count":17,"href":"https:\/\/258hub.ca\/fr-ca\/wp-json\/wp\/v2\/pages\/12084\/revisions"}],"predecessor-version":[{"id":15103,"href":"https:\/\/258hub.ca\/fr-ca\/wp-json\/wp\/v2\/pages\/12084\/revisions\/15103"}],"wp:attachment":[{"href":"https:\/\/258hub.ca\/fr-ca\/wp-json\/wp\/v2\/media?parent=12084"}],"curies":[{"name":"wp","href":"https:\/\/api.w.org\/{rel}","templated":true}]}}