{"id":10470,"date":"2023-01-06T03:18:16","date_gmt":"2023-01-06T08:18:16","guid":{"rendered":"http:\/\/258hub.ca\/contactez-nous-2\/"},"modified":"2025-11-25T01:54:19","modified_gmt":"2025-11-25T06:54:19","slug":"contact","status":"publish","type":"page","link":"https:\/\/258hub.ca\/fr-ca\/contact\/","title":{"rendered":"Contact"},"content":{"rendered":"\n<div class=\"mbm-multiply wp-block-cover is-repeated has-black-color has-text-color has-link-color eplus-wrapper wp-elements-10a78efe59ee9b4570f99784bbd1aa2d\" style=\"padding-top:var(--wp--preset--spacing--60);padding-right:0;padding-bottom:var(--wp--preset--spacing--60);padding-left:0\"><div class=\"wp-block-cover__image-background wp-image-3238 is-repeated\" style=\"background-position:50% 50%;background-image:url(http:\/\/258hub.ca\/wp-content\/uploads\/2022\/03\/gplaypattern.png)\"><\/div><span aria-hidden=\"true\" class=\"wp-block-cover__background has-background-dim-80 has-background-dim wp-block-cover__gradient-background has-background-gradient\" style=\"background:radial-gradient(#ffb56b 0%,#f39060 14.285714285714286%,#e16b5c 28.571428571428573%,#ca485c 42.85714285714286%,#ac255e 57.142857142857146%,#870160 71.42857142857143%,#5b0060 85.71428571428572%,#1f005c 100%)\"><\/span><div class=\"wp-block-cover__inner-container is-layout-flow wp-block-cover-is-layout-flow\"><div class=\"wp-bootstrap-blocks-container container-xl mb-0\">\n\t\n<div class=\"wp-bootstrap-blocks-row row g-0 justify-content-center\">\n\t\n\n<div class=\"col-12 col-md-10 col-lg-8 col-xl-6\">\n\t\t\t\n<div class=\"wp-block-group has-white-background-color has-background eplus-wrapper is-layout-flow wp-container-core-group-is-layout-0c4b9332 wp-block-group-is-layout-flow eplus-styles-uid-3e35c3\" style=\"border-radius:1rem;padding-top:var(--wp--preset--spacing--50);padding-right:var(--wp--preset--spacing--50);padding-bottom:var(--wp--preset--spacing--50);padding-left:var(--wp--preset--spacing--50)\">\n<div class=\"wp-block-group has-dark-gray-color has-text-color eplus-wrapper is-layout-flow wp-block-group-is-layout-flow\" style=\"padding-top:var(--wp--preset--spacing--50);padding-bottom:var(--wp--preset--spacing--50)\">\n<h1 class=\" wp-block-heading has-text-align-center eplus-wrapper\">Vous avez besoin d&rsquo;aide? Vous avez des suggestions?<\/h1>\n\n\n\n<p class=\" has-text-align-center has-medium-font-size eplus-wrapper\">N\u2019h\u00e9sitez pas \u00e0 communiquer avec nous! Envoyez-nous un message et nous vous r\u00e9pondrons rapidement.<\/p>\n<\/div>\n\n\n\n<div class=\"wp-block-contact-form-7-contact-form-selector\">\n<div class=\"wpcf7 no-js\" id=\"wpcf7-f5948-o1\" lang=\"fr-CA\" dir=\"ltr\" data-wpcf7-id=\"5948\">\n<div class=\"screen-reader-response\"><p role=\"status\" aria-live=\"polite\" aria-atomic=\"true\"><\/p> <ul><\/ul><\/div>\n<form action=\"\/fr-ca\/wp-json\/wp\/v2\/pages\/10470#wpcf7-f5948-o1\" method=\"post\" class=\"wpcf7-form init\" aria-label=\"Contact form\" novalidate=\"novalidate\" data-status=\"init\">\n<fieldset class=\"hidden-fields-container\"><input type=\"hidden\" name=\"_wpcf7\" value=\"5948\" \/><input type=\"hidden\" name=\"_wpcf7_version\" value=\"6.1.3\" \/><input type=\"hidden\" name=\"_wpcf7_locale\" value=\"fr_CA\" \/><input type=\"hidden\" name=\"_wpcf7_unit_tag\" value=\"wpcf7-f5948-o1\" \/><input type=\"hidden\" name=\"_wpcf7_container_post\" value=\"0\" \/><input type=\"hidden\" name=\"_wpcf7_posted_data_hash\" value=\"\" \/>\n<\/fieldset>\n<div class=\"wpcf7-turnstile cf-turnstile\" data-sitekey=\"0x4AAAAAACC_lbvjA2Tx2WYL\" data-response-field-name=\"_wpcf7_turnstile_response\"><\/div>\n\n<p><label> Votre nom<br \/>\n<span class=\"wpcf7-form-control-wrap\" data-name=\"your-name\"><input size=\"40\" maxlength=\"400\" class=\"wpcf7-form-control wpcf7-text wpcf7-validates-as-required\" aria-required=\"true\" aria-invalid=\"false\" value=\"\" type=\"text\" name=\"your-name\" \/><\/span> <\/label>\n<\/p>\n<p><label> Votre courriel<br \/>\n<span class=\"wpcf7-form-control-wrap\" data-name=\"your-email\"><input size=\"40\" maxlength=\"400\" class=\"wpcf7-form-control wpcf7-email wpcf7-validates-as-required wpcf7-text wpcf7-validates-as-email\" aria-required=\"true\" aria-invalid=\"false\" value=\"\" type=\"email\" name=\"your-email\" \/><\/span> <\/label>\n<\/p>\n<p><label> Sujet<br \/>\n<span class=\"wpcf7-form-control-wrap\" data-name=\"your-subject\"><input size=\"40\" maxlength=\"400\" class=\"wpcf7-form-control wpcf7-text wpcf7-validates-as-required\" aria-required=\"true\" aria-invalid=\"false\" value=\"\" type=\"text\" name=\"your-subject\" \/><\/span> <\/label>\n<\/p>\n<p><label> Votre message<br \/>\n<span class=\"wpcf7-form-control-wrap\" data-name=\"your-message\"><textarea cols=\"40\" rows=\"10\" maxlength=\"2000\" class=\"wpcf7-form-control wpcf7-textarea wpcf7-validates-as-required\" aria-required=\"true\" aria-invalid=\"false\" name=\"your-message\"><\/textarea><\/span> <\/label>\n<\/p>\n<p><input class=\"wpcf7-form-control wpcf7-submit has-spinner\" type=\"submit\" value=\"Submit\" \/>\n<\/p><div class=\"wpcf7-response-output\" aria-hidden=\"true\"><\/div>\n<\/form>\n<\/div>\n<\/div>\n<\/div>\n\t<\/div>\n\n<\/div>\n\n<\/div>\n<\/div><\/div>\n","protected":false},"excerpt":{"rendered":"<div class=\"mbm-multiply wp-block-cover is-repeated has-black-color has-text-color has-link-color eplus-wrapper wp-elements-10a78efe59ee9b4570f99784bbd1aa2d\" style=\"padding-top:var(--wp--preset--spacing--60);padding-right:0;padding-bottom:var(--wp--preset--spacing--60);padding-left:0\">\n<div class=\"wp-block-cover__image-background wp-image-3238 is-repeated\" style=\"background-position:50% 50%;background-image:url(http:\/\/258hub.ca\/wp-content\/uploads\/2022\/03\/gplaypattern.png)\"><\/div>\n<p><span aria-hidden=\"true\" class=\"wp-block-cover__background has-background-dim-80 has-background-dim wp-block-cover__gradient-background has-background-gradient\" style=\"background:radial-gradient(#ffb56b 0%,#f39060 14.285714285714286%,#e16b5c 28.571428571428573%,#ca485c 42.85714285714286%,#ac255e 57.142857142857146%,#870160 71.42857142857143%,#5b0060 85.71428571428572%,#1f005c 100%)\"><\/span><\/p>\n<div class=\"wp-block-cover__inner-container is-layout-flow wp-block-cover-is-layout-flow\">\n<div class=\"wp-bootstrap-blocks-container container-xl mb-0\">\n<div class=\"wp-bootstrap-blocks-row row g-0 justify-content-center\">\n<div class=\"col-12 col-md-10 col-lg-8 col-xl-6\">\n<div class=\"wp-block-group has-white-background-color has-background eplus-wrapper is-layout-flow wp-container-core-group-is-layout-0c4b9332 wp-block-group-is-layout-flow eplus-styles-uid-3e35c3\" style=\"border-radius:1rem;padding-top:var(--wp--preset--spacing--50);padding-right:var(--wp--preset--spacing--50);padding-bottom:var(--wp--preset--spacing--50);padding-left:var(--wp--preset--spacing--50)\">\n<div class=\"wp-block-group has-dark-gray-color has-text-color eplus-wrapper is-layout-flow wp-block-group-is-layout-flow\" style=\"padding-top:var(--wp--preset--spacing--50);padding-bottom:var(--wp--preset--spacing--50)\">\n<h1 class=\" wp-block-heading has-text-align-center eplus-wrapper\">Vous avez besoin d&rsquo;aide? Vous avez des suggestions?<\/h1>\n<p class=\" has-text-align-center has-medium-font-size eplus-wrapper\">N\u2019h\u00e9sitez pas \u00e0 communiquer avec nous! Envoyez-nous un message et nous vous r\u00e9pondrons rapidement.<\/p>\n","protected":false},"author":1,"featured_media":0,"parent":0,"menu_order":0,"comment_status":"open","ping_status":"open","template":"empty","meta":{"_acf_changed":false,"_eb_attr":"","_editorskit_title_hidden":false,"_editorskit_reading_time":0,"_editorskit_is_block_options_detached":false,"_editorskit_block_options_position":"{}","editor_plus_copied_stylings":"{}","_vp_format_video_url":"","_vp_image_focal_point":[],"footnotes":""},"class_list":["post-10470","page","type-page","status-publish","hentry"],"acf":[],"mb":[],"mfb_rest_fields":["title"],"_links":{"self":[{"href":"https:\/\/258hub.ca\/fr-ca\/wp-json\/wp\/v2\/pages\/10470","targetHints":{"allow":["GET"]}}],"collection":[{"href":"https:\/\/258hub.ca\/fr-ca\/wp-json\/wp\/v2\/pages"}],"about":[{"href":"https:\/\/258hub.ca\/fr-ca\/wp-json\/wp\/v2\/types\/page"}],"author":[{"embeddable":true,"href":"https:\/\/258hub.ca\/fr-ca\/wp-json\/wp\/v2\/users\/1"}],"replies":[{"embeddable":true,"href":"https:\/\/258hub.ca\/fr-ca\/wp-json\/wp\/v2\/comments?post=10470"}],"version-history":[{"count":5,"href":"https:\/\/258hub.ca\/fr-ca\/wp-json\/wp\/v2\/pages\/10470\/revisions"}],"predecessor-version":[{"id":15028,"href":"https:\/\/258hub.ca\/fr-ca\/wp-json\/wp\/v2\/pages\/10470\/revisions\/15028"}],"wp:attachment":[{"href":"https:\/\/258hub.ca\/fr-ca\/wp-json\/wp\/v2\/media?parent=10470"}],"curies":[{"name":"wp","href":"https:\/\/api.w.org\/{rel}","templated":true}]}}