{"id":10467,"date":"2023-01-06T03:18:16","date_gmt":"2023-01-06T08:18:16","guid":{"rendered":"http:\/\/258hub.ca\/a-propos-2\/"},"modified":"2023-09-21T02:36:55","modified_gmt":"2023-09-21T06:36:55","slug":"a-propos","status":"publish","type":"page","link":"https:\/\/258hub.ca\/fr-ca\/a-propos\/","title":{"rendered":"\u00c0 propos"},"content":{"rendered":"\n<div class=\"wp-block-cover m-0 has-background-dim-95\"><span aria-hidden=\"true\" class=\"wp-block-cover__background has-background-dim-90 has-background-dim\" style=\"background-color:#160d27\"><\/span><img decoding=\"async\" class=\"wp-block-cover__image-background wp-image-1620\" alt=\"\" src=\"http:\/\/258hub.ca\/wp-content\/uploads\/2022\/03\/lauren-mancke-aOC7TSLb1o8-unsplash.jpg\" style=\"object-position:52% 46%\" data-object-fit=\"cover\" data-object-position=\"52% 46%\"\/><div class=\"wp-block-cover__inner-container is-layout-flow wp-block-cover-is-layout-flow\"><div class=\"wp-bootstrap-blocks-container container mb-0 position-relative py-5 mb-5\">\n\t\n<div class=\"wp-bootstrap-blocks-row row gx-5 gy-5 justify-content-center align-items-center\">\n\t\n\n<div class=\"col-11 col-sm-11 col-md-4 d-flex flex-column align-items-center justify-content-center\">\n\t\t\t\n\n<div class=\"wp-block-group is-vertical is-content-justification-center is-layout-flex wp-container-core-group-is-layout-ce155fab wp-block-group-is-layout-flex\">\n<h1 class=\"has-text-align-center fs-6 wp-block-heading\">\u00c0 propos de 258HUB<\/h1>\n\n\n\n<hr class=\"wp-block-separator has-alpha-channel-opacity\"\/>\n\n\n\n<h2 class=\"display-1 text-center mb-0\">Pourquoi <span class=\"fw-bolder\">258?<\/span><\/h2>\n<\/div>\n\n\t<\/div>\n\n\n\n<div class=\"col-11 col-sm-11 col-md-6\">\n\t\t\t<div class=\"h-100 d-flex flex-column justify-content-center\">\n\t\t\t\n\n<div class=\"wp-block-group is-layout-flow wp-block-group-is-layout-flow\">\n<p class=\"lead\"><strong>Est-ce un code secret? Est-ce un code secret? D&rsquo;une certaine mani\u00e8re, oui, \u00e7a l&rsquo;est!<\/strong><\/p>\n\n\n\n<p>Il s&rsquo;agit d&rsquo;un terme d\u2019argot utilis\u00e9 par les communaut\u00e9s sourdes qui signifie \u00ab\u00a0tr\u00e8s int\u00e9ressant!\u00a0\u00bb. On produit ce signe en utilisant les configurations manuelles 2, 5 et 8. Tr\u00e8s int\u00e9ressant!<\/p>\n\n\n\n<p class=\"mb-0\">Ce signe d\u00e9crit parfaitement notre philosophie d&rsquo;apprentissage en ligne.<\/p>\n<\/div>\n\n\t\t<\/div>\n\t<\/div>\n\n<\/div>\n\n<\/div>\n\n\n\n<div class=\"wp-block-group divider-responsive divider-bottom is-layout-flow wp-block-group-is-layout-flow\">\n<svg viewbox=\"0 0 1920 100\" preserveaspectratio=\"none\"><path d=\"M0 34L106.7 41.7C213.3 49.3 426.7 64.7 640 64.8C853.3 65 1066.7 50 1280 42C1493.3 34 1706.7 33 1813.3 32.5L1920 32L1920 101L1813.3 101C1706.7 101 1493.3 101 1280 101C1066.7 101 853.3 101 640 101C426.7 101 213.3 101 106.7 101L0 101Z\" fill=\"#fd7e14\"><\/path><path d=\"M0 50L106.7 56.5C213.3 63 426.7 76 640 74.8C853.3 73.7 1066.7 58.3 1280 54C1493.3 49.7 1706.7 56.3 1813.3 59.7L1920 63L1920 101L1813.3 101C1706.7 101 1493.3 101 1280 101C1066.7 101 853.3 101 640 101C426.7 101 213.3 101 106.7 101L0 101Z\" fill=\"#ffffff\"><\/path>\n<\/svg>\n<\/div>\n<\/div><\/div>\n<div class=\"wp-bootstrap-blocks-container container mb-0\">\n\t\n<div class=\"wp-bootstrap-blocks-row row py-5 gx-5 gy-5 justify-content-center\">\n\t\n\n<div class=\"col-11 col-sm-11 col-md-4 d-flex align-items-start justify-content-center\">\n\t\t\t\n\n<div class=\"wp-block-group rounded-3 has-border-color has-purple-border-color is-nowrap is-layout-flex wp-container-core-group-is-layout-96c0fdbb wp-block-group-is-layout-flex\" style=\"border-width:2px;padding-top:var(--wp--preset--spacing--50);padding-right:var(--wp--preset--spacing--50);padding-bottom:var(--wp--preset--spacing--50);padding-left:var(--wp--preset--spacing--50)\">\n<i class=\"fa-solid fa-list-check fa-2x\"><\/i>\n\n\n\n<h2 class=\"has-text-align-left h3 mb-0 wp-block-heading\">Notre Mission<\/h2>\n<\/div>\n\n\t<\/div>\n\n\n\n<div class=\"col-11 col-sm-11 col-md-6\">\n\t\t\t<div class=\"h-100 d-flex flex-column justify-content-start\">\n\t\t\t\n\n<div class=\"wp-block-group is-layout-flow wp-block-group-is-layout-flow\">\n<p>258HUB est une plateforme d&rsquo;apprentissage en ligne proposant des cours en ligne sp\u00e9cialis\u00e9s en ASL et en anglais. Ces cours sont con\u00e7us pour les membres des communaut\u00e9s de l&rsquo;American Sign Language.<\/p>\n\n\n\n<p>Qui est propri\u00e9taire de la plateforme 258HUB? Nous sommes tous propri\u00e9taires! Tous nos partenaires sont des propri\u00e9taires \u00e0 parts \u00e9gales. Sur le site, vous verrez la phrase \u00ab Propuls\u00e9 par Silent Voice Canada \u00bb.<\/p>\n\n\n\n<p class=\"mb-0\">En coulisses, Silent Voice Canada travaille \u00e0 l&rsquo;entretien de la plateforme et fournit du soutien.<\/p>\n<\/div>\n\n\t\t<\/div>\n\t<\/div>\n\n<\/div>\n\n<\/div>\n<div class=\"wp-bootstrap-blocks-container container mb-0 position-relative\">\n\t\n<div class=\"wp-bootstrap-blocks-row row py-5 gx-5 gy-5 justify-content-center\">\n\t\n\n<div class=\"col-11\">\n\t\t\t\n\n<h2 class=\"has-text-align-center h3 wp-block-heading\">Que disent nos clients?<\/h2>\n\n\t<\/div>\n\n\n\n<div class=\"col-11 col-sm-4 col-md-4 col-lg-3\">\n\t\t\t\n\n<figure class=\"wp-block-image alignfull size-full is-style-default\"><a href=\"https:\/\/dli.258hub.ca\"><img decoding=\"async\" src=\"http:\/\/258hub.ca\/wp-content\/uploads\/2022\/03\/DLI-logo.png\" alt=\"Deaf Literacy Initiative logo\" class=\"wp-image-1198\"\/><\/a><figcaption class=\"wp-element-caption\"><a href=\"https:\/\/dli.258hub.ca\">Catalogue de Deaf Literacy Initiative<\/a><\/figcaption><\/figure>\n\n\t<\/div>\n\n\n\n<div class=\"col-11 col-sm-7 col-md-7 col-lg-6\">\n\t\t\t\n\n<p class=\"lead\"><em>\u00ab Lorsque nous avons d\u00e9crit notre vision \u00e0 l&rsquo;\u00e9quipe de Silent Voice, ils ont imm\u00e9diatement compris et su ce dont nous avions besoin. Ils se sont mis au travail en vue de d\u00e9velopper un programme, un cadre et un format pour les cours \u00e9lectroniques. Ils ont tout mis en place. <\/em><\/p>\n\n\n\n<p class=\"lead\"><em>Lorsqu&rsquo;ils nous ont pr\u00e9sent\u00e9 leur travail, nous avons \u00e9t\u00e9 \u00e9poustoufl\u00e9s par ce qu&rsquo;ils ont accompli. Nous avons beaucoup de chance de les avoir comme partenaires! Ils ont parfaitement compris nos besoins et ont mis au point une formation qui favorise la r\u00e9ussite de nos formateurs. \u00bb<\/em><\/p>\n\n\n\n<p class=\"has-text-align-right\"><strong>Anselmo DeSousa<\/strong><br\/>Directeur g\u00e9n\u00e9ral par int\u00e9rim<\/p>\n\n\t<\/div>\n\n<\/div>\n\n<\/div>\n<div class=\"wp-bootstrap-blocks-container container-fluid mb-0 m-0 p-0 bg-white\">\n\t\n\n<div class=\"divider-responsive\">\n<svg viewbox=\"0 0 1920 100\" preserveaspectratio=\"none\"><path d=\"M0 11L106.7 17.2C213.3 23.3 426.7 35.7 640 46.8C853.3 58 1066.7 68 1280 61.5C1493.3 55 1706.7 32 1813.3 20.5L1920 9L1920 101L1813.3 101C1706.7 101 1493.3 101 1280 101C1066.7 101 853.3 101 640 101C426.7 101 213.3 101 106.7 101L0 101Z\" fill=\"#fd7e14\"><\/path><path d=\"M0 85L106.7 81.7C213.3 78.3 426.7 71.7 640 72.2C853.3 72.7 1066.7 80.3 1280 80.5C1493.3 80.7 1706.7 73.3 1813.3 69.7L1920 66L1920 101L1813.3 101C1706.7 101 1493.3 101 1280 101C1066.7 101 853.3 101 640 101C426.7 101 213.3 101 106.7 101L0 101Z\" fill=\"#084298\"><\/path><\/svg>\n<\/div>\n\n<\/div>\n\n<div class=\"wp-block-cover m-0\"><span aria-hidden=\"true\" class=\"wp-block-cover__background has-background-dim-100 has-background-dim\" style=\"background-color:#084298\"><\/span><div class=\"wp-block-cover__inner-container is-layout-flow wp-block-cover-is-layout-flow\"><div class=\"wp-bootstrap-blocks-container container mb-0\">\n\t\n<div class=\"wp-bootstrap-blocks-row row py-5 gx-5 gy-5 justify-content-center\">\n\t\n\n<div class=\"col-11 col-sm-4 d-flex flex-column\">\n\t\t\t\n\n<figure class=\"wp-block-image alignfull size-full\"><img decoding=\"async\" src=\"http:\/\/258hub.ca\/wp-content\/uploads\/2022\/03\/isometric_online_ed.png\" alt=\"isometric illustration of laptop\" class=\"wp-image-2655\"\/><\/figure>\n\n\t<\/div>\n\n\n\n<div class=\"col-11 col-sm-6 d-flex flex-column justify-content-center\">\n\t\t\t\n\n<div class=\"wp-block-group is-layout-flow wp-container-core-group-is-layout-d7e64215 wp-block-group-is-layout-flow\">\n<p class=\"display-6 w-100 has-white-color has-text-color\">Vous souhaitez devenir partenaire pour offrir vos propres cours en ligne?<\/p>\n\n\n\n<p class=\"lead w-100 has-white-color has-text-color\">Contactez-nous d\u00e8s aujourd&rsquo;hui et d\u00e9couvrez comment!<\/p>\n\n\n\n<div class=\"wp-block-buttons is-content-justification-right is-layout-flex wp-container-core-buttons-is-layout-d445cf74 wp-block-buttons-is-layout-flex\">\n<div class=\"wp-block-button btn btn-success\"><a class=\"wp-block-button__link wp-element-button\" href=\"https:\/\/258hub.ca\/fr-ca\/contactez-nous\/\">Envoyer un message<\/a><\/div>\n<\/div>\n<\/div>\n\n\t<\/div>\n\n<\/div>\n\n<\/div>\n<\/div><\/div>\n","protected":false},"excerpt":{"rendered":"<div class=\"wp-block-cover m-0 has-background-dim-95\"><span aria-hidden=\"true\" class=\"wp-block-cover__background has-background-dim-90 has-background-dim\" style=\"background-color:#160d27\"><\/span><img decoding=\"async\" class=\"wp-block-cover__image-background wp-image-1620\" alt=\"\" src=\"http:\/\/258hub.ca\/wp-content\/uploads\/2022\/03\/lauren-mancke-aOC7TSLb1o8-unsplash.jpg\" style=\"object-position:52% 46%\" data-object-fit=\"cover\" data-object-position=\"52% 46%\"\/><\/p>\n<div class=\"wp-block-cover__inner-container is-layout-flow wp-block-cover-is-layout-flow\">\n<div class=\"wp-bootstrap-blocks-container container mb-0 position-relative py-5 mb-5\">\n<div class=\"wp-bootstrap-blocks-row row gx-5 gy-5 justify-content-center align-items-center\">\n<div class=\"col-11 col-sm-11 col-md-4 d-flex flex-column align-items-center justify-content-center\">\n<div class=\"wp-block-group is-vertical is-content-justification-center is-layout-flex wp-container-core-group-is-layout-ce155fab wp-block-group-is-layout-flex\">\n<h1 class=\"has-text-align-center fs-6 wp-block-heading\">\u00c0 propos de 258HUB<\/h1>\n<hr class=\"wp-block-separator has-alpha-channel-opacity\"\/>\n<h2 class=\"display-1 text-center mb-0\">Pourquoi <span class=\"fw-bolder\">258?<\/span><\/h2>\n<\/div><\/div>\n<div class=\"col-11 col-sm-11 col-md-6\">\n<div class=\"h-100 d-flex flex-column justify-content-center\">\n<div class=\"wp-block-group is-layout-flow wp-block-group-is-layout-flow\">\n<p class=\"lead\"><strong>Est-ce un code secret? Est-ce un code secret? D&rsquo;une certaine mani\u00e8re, oui, \u00e7a l&rsquo;est!<\/strong><\/p>\n","protected":false},"author":1,"featured_media":0,"parent":0,"menu_order":0,"comment_status":"open","ping_status":"open","template":"empty","meta":{"_acf_changed":false,"_eb_attr":"","_editorskit_title_hidden":false,"_editorskit_reading_time":0,"_editorskit_is_block_options_detached":false,"_editorskit_block_options_position":"{}","editor_plus_copied_stylings":"{}","_vp_format_video_url":"","_vp_image_focal_point":[],"footnotes":""},"class_list":["post-10467","page","type-page","status-publish","hentry"],"acf":[],"mb":[],"mfb_rest_fields":["title"],"_links":{"self":[{"href":"https:\/\/258hub.ca\/fr-ca\/wp-json\/wp\/v2\/pages\/10467","targetHints":{"allow":["GET"]}}],"collection":[{"href":"https:\/\/258hub.ca\/fr-ca\/wp-json\/wp\/v2\/pages"}],"about":[{"href":"https:\/\/258hub.ca\/fr-ca\/wp-json\/wp\/v2\/types\/page"}],"author":[{"embeddable":true,"href":"https:\/\/258hub.ca\/fr-ca\/wp-json\/wp\/v2\/users\/1"}],"replies":[{"embeddable":true,"href":"https:\/\/258hub.ca\/fr-ca\/wp-json\/wp\/v2\/comments?post=10467"}],"version-history":[{"count":4,"href":"https:\/\/258hub.ca\/fr-ca\/wp-json\/wp\/v2\/pages\/10467\/revisions"}],"predecessor-version":[{"id":12026,"href":"https:\/\/258hub.ca\/fr-ca\/wp-json\/wp\/v2\/pages\/10467\/revisions\/12026"}],"wp:attachment":[{"href":"https:\/\/258hub.ca\/fr-ca\/wp-json\/wp\/v2\/media?parent=10467"}],"curies":[{"name":"wp","href":"https:\/\/api.w.org\/{rel}","templated":true}]}}